{"id":81,"date":"2008-01-25T13:23:49","date_gmt":"2008-01-25T12:23:49","guid":{"rendered":"http:\/\/publicblog.emagister.es\/contacto\/informacion-legal\/"},"modified":"2018-05-24T16:33:59","modified_gmt":"2018-05-24T14:33:59","slug":"informacion-legal","status":"publish","type":"page","link":"https:\/\/www.emagister.com\/blog\/informacion-legal\/","title":{"rendered":"Informaci\u00f3n legal"},"content":{"rendered":"<p style=\"text-align: justify;\"><strong>POL\u00cdTICA DE PRIVACIDAD: INFORMACI\u00d3N ADICIONAL SOBRE PROTECCI\u00d3N DE DATOS<\/strong><\/p>\n<p style=\"text-align: justify;\">Emagister servicios de Formaci\u00f3n S.L., pone a su disposici\u00f3n la informaci\u00f3n adicional concerniente al tratamiento de sus datos personales, tal y como establece la normativa en la materia: REGLAMENTO (UE) 2016\/679 DEL PARLAMENTO EUROPEO Y DEL CONSEJO de 27 de abril de 2016 (RGPD). En este sentido y alineado con la pol\u00edtica de privacidad de Emagister servicios de Formaci\u00f3n S.L. basada en el modelo de informaci\u00f3n por capas o niveles, a continuaci\u00f3n, recogemos la informaci\u00f3n adicional (segundo nivel) donde se presenta con detalle la informaci\u00f3n b\u00e1sica relativa al tratamiento de datos que debe conocer.<\/p>\n<p style=\"text-align: justify;\">\n<p style=\"text-align: justify;\"><strong>Datos del Responsable:<\/strong><\/p>\n<p style=\"text-align: justify;\">Identidad: Emagister servicios de Formaci\u00f3n S.L.,<\/p>\n<p style=\"text-align: justify;\">Domicilio: Avda. Alcalde Barnils, 64-68, Escalera D, 08174 SantCugat del Vall\u00e8s, Barcelona, Espa\u00f1a. Delegado de Protecci\u00f3n de Datos: rgpd@emagister.com<\/p>\n<p style=\"text-align: justify;\">\n<p style=\"text-align: justify;\"><strong>\u00bfCon qu\u00e9 finalidad tratamos sus datos personales?<\/strong><\/p>\n<p style=\"text-align: justify;\">En Emagister tratamos la informaci\u00f3n que nos facilitan las personas interesadas de acuerdo con las siguientes finalidades:<\/p>\n<p style=\"text-align: justify;\">\n<ol style=\"text-align: justify;\">\n<li>a) Env\u00edo de la solicitud al cliente (Centro de formaci\u00f3n) anunciante. Pondremos en contacto usuario y centro respecto a la oferta formativa publicada.<\/li>\n<\/ol>\n<p style=\"text-align: justify;\">\n<ol style=\"text-align: justify;\">\n<li>b) Actividades de publicidad y prospecci\u00f3n comercial de productos y servicios propios. Le podremos ofrecer tambi\u00e9n, encuestas de opini\u00f3n, promociones y muestras gratuitas de nuestros servicios y\/o productos.<\/li>\n<\/ol>\n<p style=\"text-align: justify;\">\n<ol style=\"text-align: justify;\">\n<li>c) Actividades de publicidad (incluido encuestas de opini\u00f3n o satisfacci\u00f3n)por medios electr\u00f3nicos de productos y servicios de terceras entidades relacionadas con el sector de la formaci\u00f3n y empleo.<\/li>\n<\/ol>\n<p style=\"text-align: justify;\">\n<ol style=\"text-align: justify;\">\n<li>Labores de segmentaci\u00f3n. Podr\u00e1n realizarse la segmentaci\u00f3n o elaboraci\u00f3n de perfiles con la finalidad de dirigir los contenidos editoriales y la publicidad a remitir. En ning\u00fan caso la segmentaci\u00f3n o elaboraci\u00f3n de perfiles que realizar\u00e1 la Empresa tendr\u00e1 efectos jur\u00eddicos o significativos en el interesado.<\/li>\n<\/ol>\n<p style=\"text-align: justify;\">\n<ol style=\"text-align: justify;\">\n<li>Atender sus solicitudes y consultas relacionadas con el Portal.<\/li>\n<\/ol>\n<p style=\"text-align: justify;\">\n<ol style=\"text-align: justify;\">\n<li>Recomendar a cada Usuario la formaci\u00f3n m\u00e1s adecuada a sus necesidades.<\/li>\n<\/ol>\n<p style=\"text-align: justify;\">\n<ol style=\"text-align: justify;\">\n<li>Facilitar la opini\u00f3n de los Usuarios sobre contenidos formativos, a trav\u00e9s de cualquier medio de opini\u00f3n electr\u00f3nico.<\/li>\n<\/ol>\n<p style=\"text-align: justify;\">\n<ol style=\"text-align: justify;\">\n<li>Estudio y an\u00e1lisis de la informaci\u00f3n suministrada por los Usuarios para valorar nuevas tendencias y servicios.<\/li>\n<\/ol>\n<p style=\"text-align: justify;\"><strong>\u00a0<\/strong><\/p>\n<p style=\"text-align: justify;\"><strong>\u00bfC\u00f3mo hemos obtenido sus datos?<\/strong><\/p>\n<p style=\"text-align: justify;\">Los datos personales tratados por la Empresa proceden directamente de los interesados a trav\u00e9s de los formularios habilitados en el Sitio web.<\/p>\n<p style=\"text-align: justify;\">\n<p style=\"text-align: justify;\"><strong>\u00bfPor cu\u00e1nto tiempo conservamos sus datos?<\/strong><\/p>\n<p style=\"text-align: justify;\">Los datos personales se conservar\u00e1n mientrasud sea usuario y nosolicite la supresi\u00f3n de sus datos. En alg\u00fan caso podr\u00e1n conservarse los datos personales que puedan probar la gesti\u00f3n de los servicios y el ejercicio de sus derechos.<\/p>\n<p style=\"text-align: justify;\">Asimismo, la Empresa lleva a cabo peri\u00f3dicamente un an\u00e1lisis de los periodos de conservaci\u00f3n de los datos, eliminando los datos de oficio por considerar que la informaci\u00f3n haya quedado obsoleta o desactualizada.<\/p>\n<p style=\"text-align: justify;\">\n<p style=\"text-align: justify;\"><strong>\u00bfCu\u00e1l es la legitimaci\u00f3n para el tratamiento de sus datos?<\/strong><\/p>\n<p style=\"text-align: justify;\">La base legal para el tratamiento de sus datos se basa en el consentimiento otorgado al completar cualquiera de los formularios que dispone la Empresa. En el caso del Cliente (Centro) la legitimaci\u00f3n es la relaci\u00f3n contractual entre ambos.<\/p>\n<p style=\"text-align: justify;\">La oferta prospectiva de productos y servicios propios o de terceros est\u00e1 basada en el consentimiento si bien queda legitimada por la normativa especial sobre la sociedad de la informaci\u00f3n siempre que est\u00e9 relacionada con servicios y productos de la Empresa, sin que en ning\u00fan caso la retirada del consentimiento para el env\u00edo de comunicaciones promocionales condicione, en su caso, su situaci\u00f3n como usuario registrado.<\/p>\n<p style=\"text-align: justify;\"><strong>\u00bfA qu\u00e9 destinatarios se comunicar\u00e1n susdatos?<\/strong><\/p>\n<p style=\"text-align: justify;\">Si eres un usuario interesado en la oferta formativa publicada el destinatario ser\u00e1 el centro anunciante. La finalidad de la comunicaci\u00f3n es que pueda ponerse en contacto contigo para informarte con m\u00e1s detalle sobre la formaci\u00f3n (curso) publicado.<\/p>\n<p style=\"text-align: justify;\">Tambi\u00e9n tendr\u00e1n acceso determinadas empresas prestadoras de servicios, en este caso ya como encargadas del tratamiento. Estos proveedores s\u00f3lo podr\u00e1n acceder a los datos con el \u00fanico objeto de prestar el servicio contratado, siguiendo las instrucciones de la Empresa y sin que puedan destinarlos para ninguna otra finalidad. Todos los proveedores suscriben compromisos de confidencialidad en el uso de la informaci\u00f3n a la que acceden por su servicio de conformidad con la normativa vigente.<\/p>\n<p style=\"text-align: justify;\">\n<p style=\"text-align: justify;\"><strong>\u00bfCu\u00e1les son sus derechos cuando nos facilita sus datos?<\/strong><\/p>\n<p style=\"text-align: justify;\">Cualquier persona tiene el derecho a solicitar el acceso a sus datos personales, su rectificaci\u00f3n o supresi\u00f3n, o la limitaci\u00f3n de su tratamiento, o a oponerse al tratamiento, as\u00ed como el derecho a la portabilidad de los datos. As\u00ed como el derecho a retirar el consentimiento en cualquiera de sus finalidades. Para ello puede dirigir una carta a Emagister servicios de Formaci\u00f3n S.L., a la direcci\u00f3n\u00a0\u00a0 Avda. Alcalde Barnils, 64-68, Escalera D, 08174 SantCugat del Vall\u00e8s, Barcelona, Espa\u00f1a o remitiendo un correo electr\u00f3nico a rgpd@emagister.com indicando el derecho que deseas ejercer. Deber\u00e1 acreditarse la identidad del solicitante, por ejemplo acompa\u00f1ando fotocopia del DNI.<\/p>\n<p style=\"text-align: justify;\">Asimismo, le informamos de que tiene derecho a presentar una reclamaci\u00f3n ante la autoridad de control competente (Agencia Espa\u00f1ola de Protecci\u00f3n de Datos), si considera que se ha producido alg\u00fan tipo de vulneraci\u00f3n en relaci\u00f3n con el tratamiento de sus datos personales.<\/p>\n<p style=\"text-align: justify;\">En el caso que se solicite la limitaci\u00f3n del tratamiento de sus datos \u00fanicamente los conservaremos para el ejercicio o la defensa de reclamaciones y en los casos de oposici\u00f3n dejar\u00e1n de tratarse los datos, salvo por motivos leg\u00edtimos imperiosos, o el ejercicio o la defensa de posibles reclamaciones.<\/p>\n<p style=\"text-align: justify;\"><strong>\u00a0<\/strong><\/p>\n<p style=\"text-align: justify;\"><strong>Valoramos su colaboraci\u00f3n<\/strong><\/p>\n<p style=\"text-align: justify;\">En Emagister procuramos controlar, dentro de nuestras posibilidades, el uso correcto de los datos personales de los que somos responsables por parte de terceros a quienes se los hayamos tenido que facilitar. Por tal motivo le solicitamos que, en caso de que tenga conocimiento o sospecha de que cualquiera de nuestros clientes o proveedores, antes indicados, est\u00e1 haciendo un uso indebido de su informaci\u00f3n personal, nos lo notifique sin dilaci\u00f3n para poder adoptar las acciones pertinentes que proceda llevar a cabo.<\/p>\n<p style=\"text-align: justify;\">Asimismo, para garantizar que los datos que tenemos son correctos y se encuentran actualizados, le rogamos que, si se produce alguna modificaci\u00f3n en sus datos, o si, por cualquier motivo, detecta que tenemos alg\u00fan dato suyo incorrecto, nos lo comunique a la mayor brevedad para proceder a la oportuna subsanaci\u00f3n.<\/p>\n<p style=\"text-align: justify;\">(seguidamente mantener la pol\u00edtica de cookies)<\/p>\n<p>&nbsp;<\/p>\n","protected":false},"excerpt":{"rendered":"<p>POL\u00cdTICA DE PRIVACIDAD: INFORMACI\u00d3N ADICIONAL SOBRE PROTECCI\u00d3N DE DATOS Emagister servicios de Formaci\u00f3n S.L., pone a su disposici\u00f3n la informaci\u00f3n &#8230; <a title=\"Informaci\u00f3n legal\" class=\"read-more\" href=\"https:\/\/www.emagister.com\/blog\/informacion-legal\/\" aria-label=\"M\u00e1s en Informaci\u00f3n legal\">Leer m\u00e1s<\/a><\/p>\n","protected":false},"author":1,"featured_media":0,"parent":0,"menu_order":4,"comment_status":"closed","ping_status":"closed","template":"","meta":{"_acf_changed":false,"inline_featured_image":false,"footnotes":""},"class_list":["post-81","page","type-page","status-publish"],"acf":{"mostrar_faldon":"-1","texto_faldon":"","link_faldon":"","link_texto_faldon":""},"yoast_head":"<!-- This site is optimized with the Yoast SEO Premium plugin v18.1 (Yoast SEO v27.0) - https:\/\/yoast.com\/product\/yoast-seo-premium-wordpress\/ -->\n<title>Informaci\u00f3n legal - Blog Emagister<\/title>\n<meta name=\"robots\" content=\"index, follow\" \/>\n<link rel=\"canonical\" href=\"https:\/\/www.emagister.com\/blog\/informacion-legal\/\" \/>\n<meta property=\"og:locale\" content=\"es_ES\" \/>\n<meta property=\"og:type\" content=\"article\" \/>\n<meta property=\"og:title\" content=\"Informaci\u00f3n legal\" \/>\n<meta property=\"og:description\" content=\"POL\u00cdTICA DE PRIVACIDAD: INFORMACI\u00d3N ADICIONAL SOBRE PROTECCI\u00d3N DE DATOS Emagister servicios de Formaci\u00f3n S.L., pone a su disposici\u00f3n la informaci\u00f3n ... Leer m\u00e1s\" \/>\n<meta property=\"og:url\" content=\"https:\/\/www.emagister.com\/blog\/informacion-legal\/\" \/>\n<meta property=\"og:site_name\" content=\"Blog Emagister\" \/>\n<meta property=\"article:publisher\" content=\"https:\/\/www.facebook.com\/Emagister\/\" \/>\n<meta property=\"article:modified_time\" content=\"2018-05-24T14:33:59+00:00\" \/>\n<meta name=\"twitter:card\" content=\"summary_large_image\" \/>\n<meta name=\"twitter:site\" content=\"@emagister\" \/>\n<meta name=\"twitter:label1\" content=\"Tiempo de lectura\" \/>\n\t<meta name=\"twitter:data1\" content=\"6 minutos\" \/>\n<script type=\"application\/ld+json\" class=\"yoast-schema-graph\">{\"@context\":\"https:\/\/schema.org\",\"@graph\":[{\"@type\":\"WebPage\",\"@id\":\"https:\/\/www.emagister.com\/blog\/informacion-legal\/\",\"url\":\"https:\/\/www.emagister.com\/blog\/informacion-legal\/\",\"name\":\"Informaci\u00f3n legal - Blog Emagister\",\"isPartOf\":{\"@id\":\"https:\/\/www.emagister.com\/blog\/#website\"},\"datePublished\":\"2008-01-25T12:23:49+00:00\",\"dateModified\":\"2018-05-24T14:33:59+00:00\",\"breadcrumb\":{\"@id\":\"https:\/\/www.emagister.com\/blog\/informacion-legal\/#breadcrumb\"},\"inLanguage\":\"es\",\"potentialAction\":[{\"@type\":\"ReadAction\",\"target\":[\"https:\/\/www.emagister.com\/blog\/informacion-legal\/\"]}]},{\"@type\":\"BreadcrumbList\",\"@id\":\"https:\/\/www.emagister.com\/blog\/informacion-legal\/#breadcrumb\",\"itemListElement\":[{\"@type\":\"ListItem\",\"position\":1,\"name\":\"Blog Emagister\",\"item\":\"https:\/\/www.emagister.com\/blog\/\"},{\"@type\":\"ListItem\",\"position\":2,\"name\":\"Informaci\u00f3n legal\"}]},{\"@type\":\"WebSite\",\"@id\":\"https:\/\/www.emagister.com\/blog\/#website\",\"url\":\"https:\/\/www.emagister.com\/blog\/\",\"name\":\"Blog Emagister\",\"description\":\"Gu\u00eda de orientaci\u00f3n sobre estudios y tendencias de formaci\u00f3n\",\"publisher\":{\"@id\":\"https:\/\/www.emagister.com\/blog\/#organization\"},\"potentialAction\":[{\"@type\":\"SearchAction\",\"target\":{\"@type\":\"EntryPoint\",\"urlTemplate\":\"https:\/\/www.emagister.com\/blog\/?s={search_term_string}\"},\"query-input\":{\"@type\":\"PropertyValueSpecification\",\"valueRequired\":true,\"valueName\":\"search_term_string\"}}],\"inLanguage\":\"es\"},{\"@type\":\"Organization\",\"@id\":\"https:\/\/www.emagister.com\/blog\/#organization\",\"name\":\"Emagister\",\"url\":\"https:\/\/www.emagister.com\/blog\/\",\"logo\":{\"@type\":\"ImageObject\",\"inLanguage\":\"es\",\"@id\":\"https:\/\/www.emagister.com\/blog\/#\/schema\/logo\/image\/\",\"url\":\"https:\/\/www.emagister.com\/blog\/wp-content\/uploads\/2017\/02\/photo.png\",\"contentUrl\":\"https:\/\/www.emagister.com\/blog\/wp-content\/uploads\/2017\/02\/photo.png\",\"width\":120,\"height\":120,\"caption\":\"Emagister\"},\"image\":{\"@id\":\"https:\/\/www.emagister.com\/blog\/#\/schema\/logo\/image\/\"},\"sameAs\":[\"https:\/\/www.facebook.com\/Emagister\/\",\"https:\/\/x.com\/emagister\",\"https:\/\/www.instagram.com\/emagister\/\",\"https:\/\/www.linkedin.com\/company\/emagister-com\/\",\"https:\/\/www.pinterest.es\/emagister\/\",\"https:\/\/www.youtube.com\/user\/emagister\/\",\"https:\/\/es.wikipedia.org\/wiki\/Emagister\"]}]}<\/script>\n<!-- \/ Yoast SEO Premium plugin. -->","yoast_head_json":{"title":"Informaci\u00f3n legal - Blog Emagister","robots":{"index":"index","follow":"follow"},"canonical":"https:\/\/www.emagister.com\/blog\/informacion-legal\/","og_locale":"es_ES","og_type":"article","og_title":"Informaci\u00f3n legal","og_description":"POL\u00cdTICA DE PRIVACIDAD: INFORMACI\u00d3N ADICIONAL SOBRE PROTECCI\u00d3N DE DATOS Emagister servicios de Formaci\u00f3n S.L., pone a su disposici\u00f3n la informaci\u00f3n ... Leer m\u00e1s","og_url":"https:\/\/www.emagister.com\/blog\/informacion-legal\/","og_site_name":"Blog Emagister","article_publisher":"https:\/\/www.facebook.com\/Emagister\/","article_modified_time":"2018-05-24T14:33:59+00:00","twitter_card":"summary_large_image","twitter_site":"@emagister","twitter_misc":{"Tiempo de lectura":"6 minutos"},"schema":{"@context":"https:\/\/schema.org","@graph":[{"@type":"WebPage","@id":"https:\/\/www.emagister.com\/blog\/informacion-legal\/","url":"https:\/\/www.emagister.com\/blog\/informacion-legal\/","name":"Informaci\u00f3n legal - Blog Emagister","isPartOf":{"@id":"https:\/\/www.emagister.com\/blog\/#website"},"datePublished":"2008-01-25T12:23:49+00:00","dateModified":"2018-05-24T14:33:59+00:00","breadcrumb":{"@id":"https:\/\/www.emagister.com\/blog\/informacion-legal\/#breadcrumb"},"inLanguage":"es","potentialAction":[{"@type":"ReadAction","target":["https:\/\/www.emagister.com\/blog\/informacion-legal\/"]}]},{"@type":"BreadcrumbList","@id":"https:\/\/www.emagister.com\/blog\/informacion-legal\/#breadcrumb","itemListElement":[{"@type":"ListItem","position":1,"name":"Blog Emagister","item":"https:\/\/www.emagister.com\/blog\/"},{"@type":"ListItem","position":2,"name":"Informaci\u00f3n legal"}]},{"@type":"WebSite","@id":"https:\/\/www.emagister.com\/blog\/#website","url":"https:\/\/www.emagister.com\/blog\/","name":"Blog Emagister","description":"Gu\u00eda de orientaci\u00f3n sobre estudios y tendencias de formaci\u00f3n","publisher":{"@id":"https:\/\/www.emagister.com\/blog\/#organization"},"potentialAction":[{"@type":"SearchAction","target":{"@type":"EntryPoint","urlTemplate":"https:\/\/www.emagister.com\/blog\/?s={search_term_string}"},"query-input":{"@type":"PropertyValueSpecification","valueRequired":true,"valueName":"search_term_string"}}],"inLanguage":"es"},{"@type":"Organization","@id":"https:\/\/www.emagister.com\/blog\/#organization","name":"Emagister","url":"https:\/\/www.emagister.com\/blog\/","logo":{"@type":"ImageObject","inLanguage":"es","@id":"https:\/\/www.emagister.com\/blog\/#\/schema\/logo\/image\/","url":"https:\/\/www.emagister.com\/blog\/wp-content\/uploads\/2017\/02\/photo.png","contentUrl":"https:\/\/www.emagister.com\/blog\/wp-content\/uploads\/2017\/02\/photo.png","width":120,"height":120,"caption":"Emagister"},"image":{"@id":"https:\/\/www.emagister.com\/blog\/#\/schema\/logo\/image\/"},"sameAs":["https:\/\/www.facebook.com\/Emagister\/","https:\/\/x.com\/emagister","https:\/\/www.instagram.com\/emagister\/","https:\/\/www.linkedin.com\/company\/emagister-com\/","https:\/\/www.pinterest.es\/emagister\/","https:\/\/www.youtube.com\/user\/emagister\/","https:\/\/es.wikipedia.org\/wiki\/Emagister"]}]}},"_links":{"self":[{"href":"https:\/\/www.emagister.com\/blog\/wp-json\/wp\/v2\/pages\/81","targetHints":{"allow":["GET"]}}],"collection":[{"href":"https:\/\/www.emagister.com\/blog\/wp-json\/wp\/v2\/pages"}],"about":[{"href":"https:\/\/www.emagister.com\/blog\/wp-json\/wp\/v2\/types\/page"}],"author":[{"embeddable":true,"href":"https:\/\/www.emagister.com\/blog\/wp-json\/wp\/v2\/users\/1"}],"replies":[{"embeddable":true,"href":"https:\/\/www.emagister.com\/blog\/wp-json\/wp\/v2\/comments?post=81"}],"version-history":[{"count":0,"href":"https:\/\/www.emagister.com\/blog\/wp-json\/wp\/v2\/pages\/81\/revisions"}],"wp:attachment":[{"href":"https:\/\/www.emagister.com\/blog\/wp-json\/wp\/v2\/media?parent=81"}],"curies":[{"name":"wp","href":"https:\/\/api.w.org\/{rel}","templated":true}]}}